{"id":247,"date":"2022-02-07T14:42:13","date_gmt":"2022-02-07T13:42:13","guid":{"rendered":"http:\/\/julielacoste.fr\/?page_id=247"},"modified":"2024-01-07T21:59:19","modified_gmt":"2024-01-07T20:59:19","slug":"modalites-et-tarifs","status":"publish","type":"page","link":"https:\/\/julielacoste.fr\/index.php\/modalites-et-tarifs\/","title":{"rendered":"Modalit\u00e9s et tarifs"},"content":{"rendered":"\t\t<div data-elementor-type=\"wp-page\" data-elementor-id=\"247\" class=\"elementor elementor-247\" data-elementor-settings=\"[]\">\n\t\t\t\t\t\t\t<div class=\"elementor-section-wrap\">\n\t\t\t\t\t\t\t<section class=\"elementor-section elementor-top-section elementor-element elementor-element-03f7ccb elementor-section-boxed elementor-section-height-default elementor-section-height-default\" data-id=\"03f7ccb\" data-element_type=\"section\">\n\t\t\t\t\t\t<div class=\"elementor-container elementor-column-gap-default\">\n\t\t\t\t\t<div class=\"elementor-column elementor-col-100 elementor-top-column elementor-element elementor-element-978e364\" data-id=\"978e364\" data-element_type=\"column\">\n\t\t\t<div class=\"elementor-widget-wrap elementor-element-populated\">\n\t\t\t\t\t\t\t\t<div class=\"elementor-element elementor-element-6dfe6c1 elementor-widget elementor-widget-text-editor\" data-id=\"6dfe6c1\" data-element_type=\"widget\" data-widget_type=\"text-editor.default\">\n\t\t\t\t<div class=\"elementor-widget-container\">\n\t\t\t<style>\/*! elementor - v3.5.5 - 03-02-2022 *\/\n.elementor-widget-text-editor.elementor-drop-cap-view-stacked .elementor-drop-cap{background-color:#818a91;color:#fff}.elementor-widget-text-editor.elementor-drop-cap-view-framed .elementor-drop-cap{color:#818a91;border:3px solid;background-color:transparent}.elementor-widget-text-editor:not(.elementor-drop-cap-view-default) .elementor-drop-cap{margin-top:8px}.elementor-widget-text-editor:not(.elementor-drop-cap-view-default) .elementor-drop-cap-letter{width:1em;height:1em}.elementor-widget-text-editor .elementor-drop-cap{float:left;text-align:center;line-height:1;font-size:50px}.elementor-widget-text-editor .elementor-drop-cap-letter{display:inline-block}<\/style>\t\t\t\t<p><span style=\"text-decoration: underline;\">Dur\u00e9e de la prise en charge:<\/span><\/p><p>\u00a0<\/p><p>Chaque accompagnement est diff\u00e9rent et n\u00e9cessite un r\u00e9el engagement de chacun.<\/p><p>La dur\u00e9e varie ainsi en fonction de chaque probl\u00e9matique et besoin du patient.\u00a0<\/p><p>\u00a0<\/p>\t\t\t\t\t\t<\/div>\n\t\t\t\t<\/div>\n\t\t\t\t\t<\/div>\n\t\t<\/div>\n\t\t\t\t\t\t\t<\/div>\n\t\t<\/section>\n\t\t\t\t<section class=\"elementor-section elementor-top-section elementor-element elementor-element-7de0662 elementor-section-boxed elementor-section-height-default elementor-section-height-default\" data-id=\"7de0662\" data-element_type=\"section\">\n\t\t\t\t\t\t<div class=\"elementor-container elementor-column-gap-default\">\n\t\t\t\t\t<div class=\"elementor-column elementor-col-100 elementor-top-column elementor-element elementor-element-3c3e8e8\" data-id=\"3c3e8e8\" data-element_type=\"column\">\n\t\t\t<div class=\"elementor-widget-wrap elementor-element-populated\">\n\t\t\t\t\t\t\t\t<div class=\"elementor-element elementor-element-2a77f0b elementor-widget elementor-widget-text-editor\" data-id=\"2a77f0b\" data-element_type=\"widget\" data-widget_type=\"text-editor.default\">\n\t\t\t\t<div class=\"elementor-widget-container\">\n\t\t\t\t\t\t\t<p><span style=\"text-decoration: underline;\"><span style=\"vertical-align: inherit;\"><span style=\"vertical-align: inherit;\"><span style=\"vertical-align: inherit;\"><span style=\"vertical-align: inherit;\">Tarifs et dur\u00e9e des entretiens ou ateliers :<\/span><\/span><\/span><\/span><\/span><\/p><p><span style=\"vertical-align: inherit;\"><span style=\"vertical-align: inherit;\"><span style=\"vertical-align: inherit;\"><span style=\"vertical-align: inherit;\">Chaque entretien peut s&#8217;effectuer en pr\u00e9sentiel ou en visioconf\u00e9rence.<\/span><\/span><\/span><\/span><\/p><ul><li><b><span style=\"vertical-align: inherit;\"><span style=\"vertical-align: inherit;\"><span style=\"vertical-align: inherit;\"><span style=\"vertical-align: inherit;\">Le premier rendez-vous = 45min \u00e0 1h, 70 euros.<\/span><\/span><\/span><\/span><\/b><\/li><\/ul><p><span style=\"vertical-align: inherit;\"><span style=\"vertical-align: inherit;\"><span style=\"vertical-align: inherit;\"><span style=\"vertical-align: inherit;\">Lors de ce premier entretien, nous prenons le temps de nous rencontrer et de comprendre votre d\u00e9marche. <\/span><\/span><\/span><span style=\"vertical-align: inherit;\"><span style=\"vertical-align: inherit;\"><span style=\"vertical-align: inherit;\">Nous \u00e9valuons ensemble vos besoins et d\u00e9terminons le rythme des premiers entretiens individuels.<\/span><\/span><\/span><\/span><\/p><ul><li><b><span style=\"vertical-align: inherit;\"><span style=\"vertical-align: inherit;\"><span style=\"vertical-align: inherit;\"><span style=\"vertical-align: inherit;\">Un entretien individuel = 45 min, 65 euros.<\/span><\/span><\/span><\/span><\/b><\/li><\/ul><p><span style=\"vertical-align: inherit;\"><span style=\"vertical-align: inherit;\"><span style=\"vertical-align: inherit;\"><span style=\"vertical-align: inherit;\">Lors de ces entretiens nous abordons de fa\u00e7on plus pr\u00e9cise les diff\u00e9rents points dont vous m&#8217;avez fait partie lors de notre premi\u00e8re rencontre.<\/span><\/span><\/span><\/span><\/p><p><span style=\"vertical-align: inherit;\"><span style=\"vertical-align: inherit;\"><span style=\"vertical-align: inherit;\"><span style=\"vertical-align: inherit;\">Pour les enfants ou adolescents, c&#8217;est un moment o\u00f9 je les re\u00e7ois seuls.<\/span><\/span><\/span><\/span><\/p><ul><li><b><span style=\"vertical-align: inherit;\"><span style=\"vertical-align: inherit;\"><span style=\"vertical-align: inherit;\"><span style=\"vertical-align: inherit;\">Un entretien de guidance parentale = 45 min \u00e0 1h, 70 euros.<\/span><\/span><\/span><\/span><\/b><\/li><\/ul><div><p><span style=\"vertical-align: inherit;\"><span style=\"vertical-align: inherit;\"><span style=\"vertical-align: inherit;\"><span style=\"vertical-align: inherit;\">\u00a0Lors de ces entretiens, nous prenons le temps de comprendre ce qui se passe dans votre foyer. <\/span><\/span><\/span><span style=\"vertical-align: inherit;\"><span style=\"vertical-align: inherit;\"><span style=\"vertical-align: inherit;\">Je vous conseille et vous apporte des cl\u00e9s pour am\u00e9liorer rapidement votre quotidien.<\/span><\/span><\/span><\/span><\/p><\/div><ul><li><b><span style=\"vertical-align: inherit;\"><span style=\"vertical-align: inherit;\"><span style=\"vertical-align: inherit;\"><span style=\"vertical-align: inherit;\">Un atelier = 1h-1h30, 30 \u00e0 40 euros (en pr\u00e9sentiel) et 25 euros (en distanciel)<\/span><\/span><\/span><\/span><\/b><\/li><\/ul><p><span style=\"vertical-align: inherit;\"><span style=\"vertical-align: inherit;\"><span style=\"vertical-align: inherit;\"><span style=\"vertical-align: inherit;\">Chaque atelier se compose d&#8217;un groupe de 5 \u00e0 10 personnes afin de privil\u00e9gier les \u00e9changes et les partages d&#8217;exp\u00e9riences.<\/span><\/span><\/span><\/span><\/p><p><span style=\"vertical-align: inherit;\"><span style=\"vertical-align: inherit;\"><span style=\"vertical-align: inherit;\"><span style=\"vertical-align: inherit;\">Le contenu du programme varie ensuite en fonction de l&#8217;atelier choisi (sensibilisation \u00e0 la communication non violente ou Discipline Positive)<\/span><\/span><\/span><\/span><\/p>\t\t\t\t\t\t<\/div>\n\t\t\t\t<\/div>\n\t\t\t\t\t<\/div>\n\t\t<\/div>\n\t\t\t\t\t\t\t<\/div>\n\t\t<\/section>\n\t\t\t\t<section class=\"elementor-section elementor-top-section elementor-element elementor-element-7f61438 elementor-section-boxed elementor-section-height-default elementor-section-height-default\" data-id=\"7f61438\" data-element_type=\"section\">\n\t\t\t\t\t\t<div class=\"elementor-container elementor-column-gap-default\">\n\t\t\t\t\t<div class=\"elementor-column elementor-col-100 elementor-top-column elementor-element elementor-element-5d23a88\" data-id=\"5d23a88\" data-element_type=\"column\">\n\t\t\t<div class=\"elementor-widget-wrap elementor-element-populated\">\n\t\t\t\t\t\t\t\t<div class=\"elementor-element elementor-element-d65830d elementor-widget elementor-widget-text-editor\" data-id=\"d65830d\" data-element_type=\"widget\" data-widget_type=\"text-editor.default\">\n\t\t\t\t<div class=\"elementor-widget-container\">\n\t\t\t\t\t\t\t<p>Le r\u00e8glement des honoraires doit s&#8217;effectuer \u00e0 la fin de chaque s\u00e9ance.<\/p><p>En cas d&#8217;absence, une s\u00e9ance non d\u00e9command\u00e9e au moins 48 heures \u00e0 l&#8217;avance vous sera factur\u00e9e.<\/p>\t\t\t\t\t\t<\/div>\n\t\t\t\t<\/div>\n\t\t\t\t\t<\/div>\n\t\t<\/div>\n\t\t\t\t\t\t\t<\/div>\n\t\t<\/section>\n\t\t\t\t<section class=\"elementor-section elementor-top-section elementor-element elementor-element-995b409 elementor-section-boxed elementor-section-height-default elementor-section-height-default\" data-id=\"995b409\" data-element_type=\"section\">\n\t\t\t\t\t\t<div class=\"elementor-container elementor-column-gap-default\">\n\t\t\t\t\t<div class=\"elementor-column elementor-col-100 elementor-top-column elementor-element elementor-element-650bdb6\" data-id=\"650bdb6\" data-element_type=\"column\">\n\t\t\t<div class=\"elementor-widget-wrap elementor-element-populated\">\n\t\t\t\t\t\t\t\t<div class=\"elementor-element elementor-element-6c159da elementor-widget elementor-widget-text-editor\" data-id=\"6c159da\" data-element_type=\"widget\" data-widget_type=\"text-editor.default\">\n\t\t\t\t<div class=\"elementor-widget-container\">\n\t\t\t\t\t\t\t<p>\u00a0<\/p><p><span style=\"text-decoration: underline;\">Remboursements:<\/span><\/p><p>\u00a0<\/p><p>Aujourd&#8217;hui, la grande majorit\u00e9 des psychologues ne b\u00e9n\u00e9ficie pas de convention avec la S\u00e9curit\u00e9 Sociale, cependant <strong>certaines mutuelles proposent un remboursement total ou partiel des consultations.<\/strong><\/p><p>N&#8217;h\u00e9sitez pas \u00e0 vous renseigner afin que je vous fournisse un justificatif.\u00a0\u00a0<\/p>\t\t\t\t\t\t<\/div>\n\t\t\t\t<\/div>\n\t\t\t\t\t<\/div>\n\t\t<\/div>\n\t\t\t\t\t\t\t<\/div>\n\t\t<\/section>\n\t\t\t\t\t\t<\/div>\n\t\t\t\t\t<\/div>\n\t\t","protected":false},"excerpt":{"rendered":"<p>Dur\u00e9e de la prise en charge: \u00a0 Chaque accompagnement est diff\u00e9rent et n\u00e9cessite un r\u00e9el engagement de chacun. La dur\u00e9e varie ainsi en fonction de chaque probl\u00e9matique et besoin du patient.\u00a0 \u00a0 Tarifs et dur\u00e9e des entretiens ou ateliers : Chaque entretien peut s&#8217;effectuer en pr\u00e9sentiel ou en visioconf\u00e9rence. Le premier rendez-vous = 45min \u00e0&hellip; <a class=\"more-link\" href=\"https:\/\/julielacoste.fr\/index.php\/modalites-et-tarifs\/\">Continue reading <span class=\"screen-reader-text\">Modalit\u00e9s et tarifs<\/span><\/a><\/p>\n","protected":false},"author":1,"featured_media":0,"parent":0,"menu_order":0,"comment_status":"closed","ping_status":"closed","template":"","meta":{"footnotes":""},"class_list":["post-247","page","type-page","status-publish","hentry","entry"],"yoast_head":"<!-- This site is optimized with the Yoast SEO plugin v18.1 - https:\/\/yoast.com\/wordpress\/plugins\/seo\/ -->\n<title>TCC<\/title>\n<meta name=\"description\" content=\"Th\u00e9rapies comportementales, cognitives et \u00e9motionnelles.\" \/>\n<meta name=\"robots\" content=\"index, follow, max-snippet:-1, max-image-preview:large, max-video-preview:-1\" \/>\n<link rel=\"canonical\" href=\"https:\/\/julielacoste.fr\/index.php\/modalites-et-tarifs\/\" \/>\n<meta property=\"og:locale\" content=\"en_US\" \/>\n<meta property=\"og:type\" content=\"article\" \/>\n<meta property=\"og:title\" content=\"TCC\" \/>\n<meta property=\"og:description\" content=\"Th\u00e9rapies comportementales, cognitives et \u00e9motionnelles.\" \/>\n<meta property=\"og:url\" content=\"https:\/\/julielacoste.fr\/index.php\/modalites-et-tarifs\/\" \/>\n<meta property=\"og:site_name\" content=\"julie LACOSTE\" \/>\n<meta property=\"article:modified_time\" content=\"2024-01-07T20:59:19+00:00\" \/>\n<meta name=\"twitter:card\" content=\"summary_large_image\" \/>\n<meta name=\"twitter:label1\" content=\"Est. reading time\" \/>\n\t<meta name=\"twitter:data1\" content=\"2 minutes\" \/>\n<script type=\"application\/ld+json\" class=\"yoast-schema-graph\">{\"@context\":\"https:\/\/schema.org\",\"@graph\":[{\"@type\":\"WebSite\",\"@id\":\"https:\/\/julielacoste.fr\/#website\",\"url\":\"https:\/\/julielacoste.fr\/\",\"name\":\"julie LACOSTE\",\"description\":\"Psychologue \u00e0 La Rochelle\",\"potentialAction\":[{\"@type\":\"SearchAction\",\"target\":{\"@type\":\"EntryPoint\",\"urlTemplate\":\"https:\/\/julielacoste.fr\/?s={search_term_string}\"},\"query-input\":\"required name=search_term_string\"}],\"inLanguage\":\"en-US\"},{\"@type\":[\"WebPage\",\"AboutPage\"],\"@id\":\"https:\/\/julielacoste.fr\/index.php\/modalites-et-tarifs\/#webpage\",\"url\":\"https:\/\/julielacoste.fr\/index.php\/modalites-et-tarifs\/\",\"name\":\"TCC\",\"isPartOf\":{\"@id\":\"https:\/\/julielacoste.fr\/#website\"},\"datePublished\":\"2022-02-07T13:42:13+00:00\",\"dateModified\":\"2024-01-07T20:59:19+00:00\",\"description\":\"Th\u00e9rapies comportementales, cognitives et \u00e9motionnelles.\",\"breadcrumb\":{\"@id\":\"https:\/\/julielacoste.fr\/index.php\/modalites-et-tarifs\/#breadcrumb\"},\"inLanguage\":\"en-US\",\"potentialAction\":[{\"@type\":\"ReadAction\",\"target\":[\"https:\/\/julielacoste.fr\/index.php\/modalites-et-tarifs\/\"]}]},{\"@type\":\"BreadcrumbList\",\"@id\":\"https:\/\/julielacoste.fr\/index.php\/modalites-et-tarifs\/#breadcrumb\",\"itemListElement\":[{\"@type\":\"ListItem\",\"position\":1,\"name\":\"Accueil\",\"item\":\"https:\/\/julielacoste.fr\/\"},{\"@type\":\"ListItem\",\"position\":2,\"name\":\"Modalit\u00e9s et tarifs\"}]}]}<\/script>\n<!-- \/ Yoast SEO plugin. -->","yoast_head_json":{"title":"TCC","description":"Th\u00e9rapies comportementales, cognitives et \u00e9motionnelles.","robots":{"index":"index","follow":"follow","max-snippet":"max-snippet:-1","max-image-preview":"max-image-preview:large","max-video-preview":"max-video-preview:-1"},"canonical":"https:\/\/julielacoste.fr\/index.php\/modalites-et-tarifs\/","og_locale":"en_US","og_type":"article","og_title":"TCC","og_description":"Th\u00e9rapies comportementales, cognitives et \u00e9motionnelles.","og_url":"https:\/\/julielacoste.fr\/index.php\/modalites-et-tarifs\/","og_site_name":"julie LACOSTE","article_modified_time":"2024-01-07T20:59:19+00:00","twitter_card":"summary_large_image","twitter_misc":{"Est. reading time":"2 minutes"},"schema":{"@context":"https:\/\/schema.org","@graph":[{"@type":"WebSite","@id":"https:\/\/julielacoste.fr\/#website","url":"https:\/\/julielacoste.fr\/","name":"julie LACOSTE","description":"Psychologue \u00e0 La Rochelle","potentialAction":[{"@type":"SearchAction","target":{"@type":"EntryPoint","urlTemplate":"https:\/\/julielacoste.fr\/?s={search_term_string}"},"query-input":"required name=search_term_string"}],"inLanguage":"en-US"},{"@type":["WebPage","AboutPage"],"@id":"https:\/\/julielacoste.fr\/index.php\/modalites-et-tarifs\/#webpage","url":"https:\/\/julielacoste.fr\/index.php\/modalites-et-tarifs\/","name":"TCC","isPartOf":{"@id":"https:\/\/julielacoste.fr\/#website"},"datePublished":"2022-02-07T13:42:13+00:00","dateModified":"2024-01-07T20:59:19+00:00","description":"Th\u00e9rapies comportementales, cognitives et \u00e9motionnelles.","breadcrumb":{"@id":"https:\/\/julielacoste.fr\/index.php\/modalites-et-tarifs\/#breadcrumb"},"inLanguage":"en-US","potentialAction":[{"@type":"ReadAction","target":["https:\/\/julielacoste.fr\/index.php\/modalites-et-tarifs\/"]}]},{"@type":"BreadcrumbList","@id":"https:\/\/julielacoste.fr\/index.php\/modalites-et-tarifs\/#breadcrumb","itemListElement":[{"@type":"ListItem","position":1,"name":"Accueil","item":"https:\/\/julielacoste.fr\/"},{"@type":"ListItem","position":2,"name":"Modalit\u00e9s et tarifs"}]}]}},"_links":{"self":[{"href":"https:\/\/julielacoste.fr\/index.php\/wp-json\/wp\/v2\/pages\/247","targetHints":{"allow":["GET"]}}],"collection":[{"href":"https:\/\/julielacoste.fr\/index.php\/wp-json\/wp\/v2\/pages"}],"about":[{"href":"https:\/\/julielacoste.fr\/index.php\/wp-json\/wp\/v2\/types\/page"}],"author":[{"embeddable":true,"href":"https:\/\/julielacoste.fr\/index.php\/wp-json\/wp\/v2\/users\/1"}],"replies":[{"embeddable":true,"href":"https:\/\/julielacoste.fr\/index.php\/wp-json\/wp\/v2\/comments?post=247"}],"version-history":[{"count":60,"href":"https:\/\/julielacoste.fr\/index.php\/wp-json\/wp\/v2\/pages\/247\/revisions"}],"predecessor-version":[{"id":906,"href":"https:\/\/julielacoste.fr\/index.php\/wp-json\/wp\/v2\/pages\/247\/revisions\/906"}],"wp:attachment":[{"href":"https:\/\/julielacoste.fr\/index.php\/wp-json\/wp\/v2\/media?parent=247"}],"curies":[{"name":"wp","href":"https:\/\/api.w.org\/{rel}","templated":true}]}}