{"id":566,"date":"2022-02-13T20:08:34","date_gmt":"2022-02-13T19:08:34","guid":{"rendered":"http:\/\/julielacoste.fr\/?page_id=566"},"modified":"2022-02-13T20:22:13","modified_gmt":"2022-02-13T19:22:13","slug":"mentions-legales","status":"publish","type":"page","link":"https:\/\/julielacoste.fr\/index.php\/mentions-legales\/","title":{"rendered":"Mentions l\u00e9gales"},"content":{"rendered":"\t\t<div data-elementor-type=\"wp-page\" data-elementor-id=\"566\" class=\"elementor elementor-566\" data-elementor-settings=\"[]\">\n\t\t\t\t\t\t\t<div class=\"elementor-section-wrap\">\n\t\t\t\t\t\t\t<section class=\"elementor-section elementor-top-section elementor-element elementor-element-6ba62ab elementor-section-boxed elementor-section-height-default elementor-section-height-default\" data-id=\"6ba62ab\" data-element_type=\"section\">\n\t\t\t\t\t\t<div class=\"elementor-container elementor-column-gap-default\">\n\t\t\t\t\t<div class=\"elementor-column elementor-col-100 elementor-top-column elementor-element elementor-element-22c2d48\" data-id=\"22c2d48\" data-element_type=\"column\">\n\t\t\t<div class=\"elementor-widget-wrap elementor-element-populated\">\n\t\t\t\t\t\t\t\t<div class=\"elementor-element elementor-element-2c8a97a elementor-widget elementor-widget-text-editor\" data-id=\"2c8a97a\" data-element_type=\"widget\" data-widget_type=\"text-editor.default\">\n\t\t\t\t<div class=\"elementor-widget-container\">\n\t\t\t<style>\/*! elementor - v3.5.5 - 03-02-2022 *\/\n.elementor-widget-text-editor.elementor-drop-cap-view-stacked .elementor-drop-cap{background-color:#818a91;color:#fff}.elementor-widget-text-editor.elementor-drop-cap-view-framed .elementor-drop-cap{color:#818a91;border:3px solid;background-color:transparent}.elementor-widget-text-editor:not(.elementor-drop-cap-view-default) .elementor-drop-cap{margin-top:8px}.elementor-widget-text-editor:not(.elementor-drop-cap-view-default) .elementor-drop-cap-letter{width:1em;height:1em}.elementor-widget-text-editor .elementor-drop-cap{float:left;text-align:center;line-height:1;font-size:50px}.elementor-widget-text-editor .elementor-drop-cap-letter{display:inline-block}<\/style>\t\t\t\t\t\t\t\t\t\t<\/div>\n\t\t\t\t<\/div>\n\t\t\t\t\t<\/div>\n\t\t<\/div>\n\t\t\t\t\t\t\t<\/div>\n\t\t<\/section>\n\t\t\t\t<section class=\"elementor-section elementor-top-section elementor-element elementor-element-dbb96e8 elementor-section-boxed elementor-section-height-default elementor-section-height-default\" data-id=\"dbb96e8\" data-element_type=\"section\">\n\t\t\t\t\t\t<div class=\"elementor-container elementor-column-gap-default\">\n\t\t\t\t\t<div class=\"elementor-column elementor-col-100 elementor-top-column elementor-element elementor-element-5cad805\" data-id=\"5cad805\" data-element_type=\"column\">\n\t\t\t<div class=\"elementor-widget-wrap elementor-element-populated\">\n\t\t\t\t\t\t\t\t<div class=\"elementor-element elementor-element-e6a4d88 elementor-widget elementor-widget-text-editor\" data-id=\"e6a4d88\" data-element_type=\"widget\" data-widget_type=\"text-editor.default\">\n\t\t\t\t<div class=\"elementor-widget-container\">\n\t\t\t\t\t\t\t<p>Conform\u00e9ment aux dispositions des Articles 6-III et 19 de la Loi n\u00b02004-575 du 21 juin 2004 pour la <br \/>Confiance dans l\u2019\u00e9conomie num\u00e9rique, dite L.C.E.N., il est port\u00e9 \u00e0 la connaissance des utilisateurs et <br \/>visiteurs, ci-apr\u00e8s l&#8217;Utilisateur&#8221;, du site http:\/\/julieLacoste.fr , ci-apr\u00e8s le &#8220;Site&#8221;, les pr\u00e9sentes <br \/>mentions l\u00e9gales.<br \/>La connexion et la navigation sur le Site par l\u2019Utilisateur implique acceptation int\u00e9grale et sans r\u00e9serve<br \/>des pr\u00e9sentes mentions l\u00e9gales.<br \/>Ces derni\u00e8res sont accessibles sur le Site \u00e0 la rubrique \u00ab Mentions l\u00e9gales \u00bb.<\/p>\t\t\t\t\t\t<\/div>\n\t\t\t\t<\/div>\n\t\t\t\t\t<\/div>\n\t\t<\/div>\n\t\t\t\t\t\t\t<\/div>\n\t\t<\/section>\n\t\t\t\t<section class=\"elementor-section elementor-top-section elementor-element elementor-element-cda58f4 elementor-section-boxed elementor-section-height-default elementor-section-height-default\" data-id=\"cda58f4\" data-element_type=\"section\">\n\t\t\t\t\t\t<div class=\"elementor-container elementor-column-gap-default\">\n\t\t\t\t\t<div class=\"elementor-column elementor-col-100 elementor-top-column elementor-element elementor-element-9977234\" data-id=\"9977234\" data-element_type=\"column\">\n\t\t\t<div class=\"elementor-widget-wrap elementor-element-populated\">\n\t\t\t\t\t\t\t\t<div class=\"elementor-element elementor-element-b7e101c elementor-widget elementor-widget-text-editor\" data-id=\"b7e101c\" data-element_type=\"widget\" data-widget_type=\"text-editor.default\">\n\t\t\t\t<div class=\"elementor-widget-container\">\n\t\t\t\t\t\t\t<p>\u00a0<\/p><p><strong>ARTICLE 1 &#8211; L&#8217;EDITEUR<\/strong><\/p><p><br \/>L\u2019\u00e9dition et la direction de la publication du Site est assur\u00e9e par Lacoste julie, domicili\u00e9e 16bis rue du <br \/>Languedoc, 17138, dont le num\u00e9ro de t\u00e9l\u00e9phone est 0621650643, et l&#8217;adresse e-mail <br \/>Julie.lacoste.psychologue@gmail.com .<\/p>\t\t\t\t\t\t<\/div>\n\t\t\t\t<\/div>\n\t\t\t\t\t<\/div>\n\t\t<\/div>\n\t\t\t\t\t\t\t<\/div>\n\t\t<\/section>\n\t\t\t\t<section class=\"elementor-section elementor-top-section elementor-element elementor-element-a79ceeb elementor-section-boxed elementor-section-height-default elementor-section-height-default\" data-id=\"a79ceeb\" data-element_type=\"section\">\n\t\t\t\t\t\t<div class=\"elementor-container elementor-column-gap-default\">\n\t\t\t\t\t<div class=\"elementor-column elementor-col-100 elementor-top-column elementor-element elementor-element-4dbc3d5\" data-id=\"4dbc3d5\" data-element_type=\"column\">\n\t\t\t<div class=\"elementor-widget-wrap elementor-element-populated\">\n\t\t\t\t\t\t\t\t<div class=\"elementor-element elementor-element-459734e elementor-widget elementor-widget-text-editor\" data-id=\"459734e\" data-element_type=\"widget\" data-widget_type=\"text-editor.default\">\n\t\t\t\t<div class=\"elementor-widget-container\">\n\t\t\t\t\t\t\t<p>\u00a0<\/p><p><strong>ARTICLE 2 &#8211; L&#8217;HEBERGEUR<\/strong><\/p><p><br \/>L&#8217;h\u00e9bergeur du Site est la soci\u00e9t\u00e9 OVH, dont le si\u00e8ge social est situ\u00e9 au RCS de Lille sous le num\u00e9ro <br \/>537 407 926 sise 2, rue Kellermann, 59100 Roubaix , avec le num\u00e9ro de t\u00e9l\u00e9phone : 1007 + <br \/>adresse mail de contact<\/p>\t\t\t\t\t\t<\/div>\n\t\t\t\t<\/div>\n\t\t\t\t\t<\/div>\n\t\t<\/div>\n\t\t\t\t\t\t\t<\/div>\n\t\t<\/section>\n\t\t\t\t<section class=\"elementor-section elementor-top-section elementor-element elementor-element-d77e5e3 elementor-section-boxed elementor-section-height-default elementor-section-height-default\" data-id=\"d77e5e3\" data-element_type=\"section\">\n\t\t\t\t\t\t<div class=\"elementor-container elementor-column-gap-default\">\n\t\t\t\t\t<div class=\"elementor-column elementor-col-100 elementor-top-column elementor-element elementor-element-e00c3f3\" data-id=\"e00c3f3\" data-element_type=\"column\">\n\t\t\t<div class=\"elementor-widget-wrap elementor-element-populated\">\n\t\t\t\t\t\t\t\t<div class=\"elementor-element elementor-element-c221992 elementor-widget elementor-widget-text-editor\" data-id=\"c221992\" data-element_type=\"widget\" data-widget_type=\"text-editor.default\">\n\t\t\t\t<div class=\"elementor-widget-container\">\n\t\t\t\t\t\t\t<p>\u00a0<\/p><p><strong>ARTICLE 3 &#8211; ACCES AU SITE<\/strong><\/p><p><br \/>Le Site est accessible en tout endroit, 7j\/7, 24h\/24 sauf cas de force majeure, interruption <br \/>programm\u00e9e ou non et pouvant d\u00e9coulant d\u2019une n\u00e9cessit\u00e9 de maintenance.<br \/>En cas de modification, interruption ou suspension du Site, l&#8217;Editeur ne saurait \u00eatre tenu responsable.<\/p>\t\t\t\t\t\t<\/div>\n\t\t\t\t<\/div>\n\t\t\t\t\t<\/div>\n\t\t<\/div>\n\t\t\t\t\t\t\t<\/div>\n\t\t<\/section>\n\t\t\t\t<section class=\"elementor-section elementor-top-section elementor-element elementor-element-8b2e997 elementor-section-boxed elementor-section-height-default elementor-section-height-default\" data-id=\"8b2e997\" data-element_type=\"section\">\n\t\t\t\t\t\t<div class=\"elementor-container elementor-column-gap-default\">\n\t\t\t\t\t<div class=\"elementor-column elementor-col-100 elementor-top-column elementor-element elementor-element-a71d60a\" data-id=\"a71d60a\" data-element_type=\"column\">\n\t\t\t<div class=\"elementor-widget-wrap elementor-element-populated\">\n\t\t\t\t\t\t\t\t<div class=\"elementor-element elementor-element-38f47df elementor-widget elementor-widget-text-editor\" data-id=\"38f47df\" data-element_type=\"widget\" data-widget_type=\"text-editor.default\">\n\t\t\t\t<div class=\"elementor-widget-container\">\n\t\t\t\t\t\t\t<p>\u00a0<\/p><p><strong>ARTICLE 4 &#8211; COLLECTE DES DONNEES<\/strong><\/p><p><br \/>Le Site assure \u00e0 l&#8217;Utilisateur une collecte et un traitement d&#8217;informations personnelles dans le respect <br \/>de la vie priv\u00e9e conform\u00e9ment \u00e0 la loi n\u00b078-17 du 6 janvier 1978 relative \u00e0 l&#8217;informatique, aux fichiers <br \/>et aux libert\u00e9s.<\/p>\t\t\t\t\t\t<\/div>\n\t\t\t\t<\/div>\n\t\t\t\t\t<\/div>\n\t\t<\/div>\n\t\t\t\t\t\t\t<\/div>\n\t\t<\/section>\n\t\t\t\t<section class=\"elementor-section elementor-top-section elementor-element elementor-element-80f69a0 elementor-section-boxed elementor-section-height-default elementor-section-height-default\" data-id=\"80f69a0\" data-element_type=\"section\">\n\t\t\t\t\t\t<div class=\"elementor-container elementor-column-gap-default\">\n\t\t\t\t\t<div class=\"elementor-column elementor-col-100 elementor-top-column elementor-element elementor-element-2f30ef4\" data-id=\"2f30ef4\" data-element_type=\"column\">\n\t\t\t<div class=\"elementor-widget-wrap elementor-element-populated\">\n\t\t\t\t\t\t\t\t<div class=\"elementor-element elementor-element-ad50d7f elementor-widget elementor-widget-text-editor\" data-id=\"ad50d7f\" data-element_type=\"widget\" data-widget_type=\"text-editor.default\">\n\t\t\t\t<div class=\"elementor-widget-container\">\n\t\t\t\t\t\t\t<p>\u00a0<\/p><p>En vertu de la loi Informatique et Libert\u00e9s, en date du 6 janvier 1978, l&#8217;Utilisateur dispose d&#8217;un droit <br \/>d&#8217;acc\u00e8s, de rectification, de suppression et d&#8217;opposition de ses donn\u00e9es personnelles. L&#8217;Utilisateur exerce ce droit :<br \/>par mail \u00e0 l&#8217;adresse email Julie.lacoste.psychologue@gmail.com<br \/>Toute utilisation, reproduction, diffusion, commercialisation, modification de toute ou partie du Site, <br \/>sans autorisation de l\u2019Editeur est prohib\u00e9e et pourra entra\u00een\u00e9e des actions et poursuites judiciaires <br \/>telles que notamment pr\u00e9vues par le Code de la propri\u00e9t\u00e9 intellectuelle et le Code civil.<\/p><p><br \/>R\u00e9dig\u00e9 sur http:\/\/legalplace.fr<\/p>\t\t\t\t\t\t<\/div>\n\t\t\t\t<\/div>\n\t\t\t\t\t<\/div>\n\t\t<\/div>\n\t\t\t\t\t\t\t<\/div>\n\t\t<\/section>\n\t\t\t\t\t\t<\/div>\n\t\t\t\t\t<\/div>\n\t\t","protected":false},"excerpt":{"rendered":"<p>Conform\u00e9ment aux dispositions des Articles 6-III et 19 de la Loi n\u00b02004-575 du 21 juin 2004 pour la Confiance dans l\u2019\u00e9conomie num\u00e9rique, dite L.C.E.N., il est port\u00e9 \u00e0 la connaissance des utilisateurs et visiteurs, ci-apr\u00e8s l&#8217;Utilisateur&#8221;, du site http:\/\/julieLacoste.fr , ci-apr\u00e8s le &#8220;Site&#8221;, les pr\u00e9sentes mentions l\u00e9gales.La connexion et la navigation sur le Site par&hellip; <a class=\"more-link\" href=\"https:\/\/julielacoste.fr\/index.php\/mentions-legales\/\">Continue reading <span class=\"screen-reader-text\">Mentions l\u00e9gales<\/span><\/a><\/p>\n","protected":false},"author":1,"featured_media":0,"parent":0,"menu_order":0,"comment_status":"closed","ping_status":"closed","template":"","meta":{"footnotes":""},"class_list":["post-566","page","type-page","status-publish","hentry","entry"],"yoast_head":"<!-- This site is optimized with the Yoast SEO plugin v18.1 - https:\/\/yoast.com\/wordpress\/plugins\/seo\/ -->\n<title>TCC<\/title>\n<meta name=\"description\" content=\"Th\u00e9rapies comportementales, cognitives et \u00e9motionnelles.\" \/>\n<meta name=\"robots\" content=\"index, follow, max-snippet:-1, max-image-preview:large, max-video-preview:-1\" \/>\n<link rel=\"canonical\" href=\"https:\/\/julielacoste.fr\/index.php\/mentions-legales\/\" \/>\n<meta property=\"og:locale\" content=\"en_US\" \/>\n<meta property=\"og:type\" content=\"article\" \/>\n<meta property=\"og:title\" content=\"TCC\" \/>\n<meta property=\"og:description\" content=\"Th\u00e9rapies comportementales, cognitives et \u00e9motionnelles.\" \/>\n<meta property=\"og:url\" content=\"https:\/\/julielacoste.fr\/index.php\/mentions-legales\/\" \/>\n<meta property=\"og:site_name\" content=\"julie LACOSTE\" \/>\n<meta property=\"article:modified_time\" content=\"2022-02-13T19:22:13+00:00\" \/>\n<meta name=\"twitter:card\" content=\"summary_large_image\" \/>\n<meta name=\"twitter:label1\" content=\"Est. reading time\" \/>\n\t<meta name=\"twitter:data1\" content=\"2 minutes\" \/>\n<script type=\"application\/ld+json\" class=\"yoast-schema-graph\">{\"@context\":\"https:\/\/schema.org\",\"@graph\":[{\"@type\":\"WebSite\",\"@id\":\"https:\/\/julielacoste.fr\/#website\",\"url\":\"https:\/\/julielacoste.fr\/\",\"name\":\"julie LACOSTE\",\"description\":\"Psychologue \u00e0 La Rochelle\",\"potentialAction\":[{\"@type\":\"SearchAction\",\"target\":{\"@type\":\"EntryPoint\",\"urlTemplate\":\"https:\/\/julielacoste.fr\/?s={search_term_string}\"},\"query-input\":\"required name=search_term_string\"}],\"inLanguage\":\"en-US\"},{\"@type\":[\"WebPage\",\"AboutPage\"],\"@id\":\"https:\/\/julielacoste.fr\/index.php\/mentions-legales\/#webpage\",\"url\":\"https:\/\/julielacoste.fr\/index.php\/mentions-legales\/\",\"name\":\"TCC\",\"isPartOf\":{\"@id\":\"https:\/\/julielacoste.fr\/#website\"},\"datePublished\":\"2022-02-13T19:08:34+00:00\",\"dateModified\":\"2022-02-13T19:22:13+00:00\",\"description\":\"Th\u00e9rapies comportementales, cognitives et \u00e9motionnelles.\",\"breadcrumb\":{\"@id\":\"https:\/\/julielacoste.fr\/index.php\/mentions-legales\/#breadcrumb\"},\"inLanguage\":\"en-US\",\"potentialAction\":[{\"@type\":\"ReadAction\",\"target\":[\"https:\/\/julielacoste.fr\/index.php\/mentions-legales\/\"]}]},{\"@type\":\"BreadcrumbList\",\"@id\":\"https:\/\/julielacoste.fr\/index.php\/mentions-legales\/#breadcrumb\",\"itemListElement\":[{\"@type\":\"ListItem\",\"position\":1,\"name\":\"Accueil\",\"item\":\"https:\/\/julielacoste.fr\/\"},{\"@type\":\"ListItem\",\"position\":2,\"name\":\"Mentions l\u00e9gales\"}]}]}<\/script>\n<!-- \/ Yoast SEO plugin. -->","yoast_head_json":{"title":"TCC","description":"Th\u00e9rapies comportementales, cognitives et \u00e9motionnelles.","robots":{"index":"index","follow":"follow","max-snippet":"max-snippet:-1","max-image-preview":"max-image-preview:large","max-video-preview":"max-video-preview:-1"},"canonical":"https:\/\/julielacoste.fr\/index.php\/mentions-legales\/","og_locale":"en_US","og_type":"article","og_title":"TCC","og_description":"Th\u00e9rapies comportementales, cognitives et \u00e9motionnelles.","og_url":"https:\/\/julielacoste.fr\/index.php\/mentions-legales\/","og_site_name":"julie LACOSTE","article_modified_time":"2022-02-13T19:22:13+00:00","twitter_card":"summary_large_image","twitter_misc":{"Est. reading time":"2 minutes"},"schema":{"@context":"https:\/\/schema.org","@graph":[{"@type":"WebSite","@id":"https:\/\/julielacoste.fr\/#website","url":"https:\/\/julielacoste.fr\/","name":"julie LACOSTE","description":"Psychologue \u00e0 La Rochelle","potentialAction":[{"@type":"SearchAction","target":{"@type":"EntryPoint","urlTemplate":"https:\/\/julielacoste.fr\/?s={search_term_string}"},"query-input":"required name=search_term_string"}],"inLanguage":"en-US"},{"@type":["WebPage","AboutPage"],"@id":"https:\/\/julielacoste.fr\/index.php\/mentions-legales\/#webpage","url":"https:\/\/julielacoste.fr\/index.php\/mentions-legales\/","name":"TCC","isPartOf":{"@id":"https:\/\/julielacoste.fr\/#website"},"datePublished":"2022-02-13T19:08:34+00:00","dateModified":"2022-02-13T19:22:13+00:00","description":"Th\u00e9rapies comportementales, cognitives et \u00e9motionnelles.","breadcrumb":{"@id":"https:\/\/julielacoste.fr\/index.php\/mentions-legales\/#breadcrumb"},"inLanguage":"en-US","potentialAction":[{"@type":"ReadAction","target":["https:\/\/julielacoste.fr\/index.php\/mentions-legales\/"]}]},{"@type":"BreadcrumbList","@id":"https:\/\/julielacoste.fr\/index.php\/mentions-legales\/#breadcrumb","itemListElement":[{"@type":"ListItem","position":1,"name":"Accueil","item":"https:\/\/julielacoste.fr\/"},{"@type":"ListItem","position":2,"name":"Mentions l\u00e9gales"}]}]}},"_links":{"self":[{"href":"https:\/\/julielacoste.fr\/index.php\/wp-json\/wp\/v2\/pages\/566","targetHints":{"allow":["GET"]}}],"collection":[{"href":"https:\/\/julielacoste.fr\/index.php\/wp-json\/wp\/v2\/pages"}],"about":[{"href":"https:\/\/julielacoste.fr\/index.php\/wp-json\/wp\/v2\/types\/page"}],"author":[{"embeddable":true,"href":"https:\/\/julielacoste.fr\/index.php\/wp-json\/wp\/v2\/users\/1"}],"replies":[{"embeddable":true,"href":"https:\/\/julielacoste.fr\/index.php\/wp-json\/wp\/v2\/comments?post=566"}],"version-history":[{"count":57,"href":"https:\/\/julielacoste.fr\/index.php\/wp-json\/wp\/v2\/pages\/566\/revisions"}],"predecessor-version":[{"id":624,"href":"https:\/\/julielacoste.fr\/index.php\/wp-json\/wp\/v2\/pages\/566\/revisions\/624"}],"wp:attachment":[{"href":"https:\/\/julielacoste.fr\/index.php\/wp-json\/wp\/v2\/media?parent=566"}],"curies":[{"name":"wp","href":"https:\/\/api.w.org\/{rel}","templated":true}]}}